{"id":488,"date":"2025-08-11T13:15:57","date_gmt":"2025-08-11T13:15:57","guid":{"rendered":"https:\/\/matchsupportbv.nl\/cursuri\/"},"modified":"2025-11-03T14:16:21","modified_gmt":"2025-11-03T14:16:21","slug":"cursuri","status":"publish","type":"page","link":"https:\/\/matchsupportbv.nl\/ro\/cursuri\/","title":{"rendered":"Cursuri"},"content":{"rendered":"\t\t<div data-elementor-type=\"wp-page\" data-elementor-id=\"488\" class=\"elementor elementor-488 elementor-60\" data-elementor-post-type=\"page\">\n\t\t\t\t<div class=\"elementor-element elementor-element-50f8ec9d e-flex e-con-boxed e-con e-parent\" data-id=\"50f8ec9d\" data-element_type=\"container\" data-e-type=\"container\" data-settings=\"{&quot;background_background&quot;:&quot;classic&quot;}\">\n\t\t\t\t\t<div class=\"e-con-inner\">\n\t\t<div class=\"elementor-element elementor-element-b709632 e-con-full e-flex e-con e-child\" data-id=\"b709632\" data-element_type=\"container\" data-e-type=\"container\">\n\t\t\t\t<div class=\"elementor-element elementor-element-235e2b88 elementor-widget elementor-widget-heading\" data-id=\"235e2b88\" data-element_type=\"widget\" data-e-type=\"widget\" data-widget_type=\"heading.default\">\n\t\t\t\t\t<h1 class=\"elementor-heading-title elementor-size-default\">Baza succesului la locul de munc\u0103<\/h1>\t\t\t\t<\/div>\n\t\t\t\t<\/div>\n\t\t<div class=\"elementor-element elementor-element-1347b18d e-con-full e-flex e-con e-child\" data-id=\"1347b18d\" data-element_type=\"container\" data-e-type=\"container\">\n\t\t\t\t<\/div>\n\t\t\t\t\t<\/div>\n\t\t\t\t<\/div>\n\t\t<div class=\"elementor-element elementor-element-1390ee40 e-flex e-con-boxed e-con e-parent\" data-id=\"1390ee40\" data-element_type=\"container\" data-e-type=\"container\">\n\t\t\t\t\t<div class=\"e-con-inner\">\n\t\t<div class=\"elementor-element elementor-element-719482c2 e-con-full e-flex e-con e-child\" data-id=\"719482c2\" data-element_type=\"container\" data-e-type=\"container\">\n\t\t\t\t<div class=\"elementor-element elementor-element-18eadccf elementor-widget elementor-widget-text-editor\" data-id=\"18eadccf\" data-element_type=\"widget\" data-e-type=\"widget\" data-widget_type=\"text-editor.default\">\n\t\t\t\t\t\t\t\t\t<p>La Match Support credem c\u0103 o formare bun\u0103 este baza succesului la locul de munc\u0103. De aceea oferim o gam\u0103 larg\u0103 de cursuri \u0219i traininguri practice, adaptate nevoilor at\u00e2t ale angaja\u021bilor, c\u00e2t \u0219i ale angajatorilor. <\/p><p>Cursurile noastre includ, printre altele:<\/p>\t\t\t\t\t\t\t\t<\/div>\n\t\t\t\t<div class=\"elementor-element elementor-element-0f75a6b elementor-icon-list--layout-traditional elementor-list-item-link-full_width elementor-widget elementor-widget-icon-list\" data-id=\"0f75a6b\" data-element_type=\"widget\" data-e-type=\"widget\" data-widget_type=\"icon-list.default\">\n\t\t\t\t\t\t\t<ul class=\"elementor-icon-list-items\">\n\t\t\t\t\t\t\t<li class=\"elementor-icon-list-item\">\n\t\t\t\t\t\t\t\t\t\t\t<span class=\"elementor-icon-list-icon\">\n\t\t\t\t\t\t\t<svg aria-hidden=\"true\" class=\"e-font-icon-svg e-fas-check\" viewBox=\"0 0 512 512\" xmlns=\"http:\/\/www.w3.org\/2000\/svg\"><path d=\"M173.898 439.404l-166.4-166.4c-9.997-9.997-9.997-26.206 0-36.204l36.203-36.204c9.997-9.998 26.207-9.998 36.204 0L192 312.69 432.095 72.596c9.997-9.997 26.207-9.997 36.204 0l36.203 36.204c9.997 9.997 9.997 26.206 0 36.204l-294.4 294.401c-9.998 9.997-26.207 9.997-36.204-.001z\"><\/path><\/svg>\t\t\t\t\t\t<\/span>\n\t\t\t\t\t\t\t\t\t\t<span class=\"elementor-icon-list-text\">Limba neerlandez\u0103 \u2013 \u00cembun\u0103t\u0103\u021be\u0219te-\u021bi cuno\u0219tin\u021bele de limb\u0103 pentru mai multe oportunit\u0103\u021bi, mai mult\u0103 \u00eencredere la job \u0219i o comunicare mai bun\u0103.<\/span>\n\t\t\t\t\t\t\t\t\t<\/li>\n\t\t\t\t\t\t\t\t<li class=\"elementor-icon-list-item\">\n\t\t\t\t\t\t\t\t\t\t\t<span class=\"elementor-icon-list-icon\">\n\t\t\t\t\t\t\t<svg aria-hidden=\"true\" class=\"e-font-icon-svg e-fas-check\" viewBox=\"0 0 512 512\" xmlns=\"http:\/\/www.w3.org\/2000\/svg\"><path d=\"M173.898 439.404l-166.4-166.4c-9.997-9.997-9.997-26.206 0-36.204l36.203-36.204c9.997-9.998 26.207-9.998 36.204 0L192 312.69 432.095 72.596c9.997-9.997 26.207-9.997 36.204 0l36.203 36.204c9.997 9.997 9.997 26.206 0 36.204l-294.4 294.401c-9.998 9.997-26.207 9.997-36.204-.001z\"><\/path><\/svg>\t\t\t\t\t\t<\/span>\n\t\t\t\t\t\t\t\t\t\t<span class=\"elementor-icon-list-text\">BHV (Asisten\u021b\u0103 intern\u0103 la urgen\u021be) \u2013 Un mediu de lucru sigur \u00eencepe cu angaja\u021bi bine instrui\u021bi pentru situa\u021bii de urgen\u021b\u0103. De aceea organiz\u0103m traininguri practice BHV pentru angaja\u021bii care vor s\u0103 \u00eenve\u021be cum s\u0103 ac\u021bioneze \u00een caz de urgen\u021b\u0103. <\/span>\n\t\t\t\t\t\t\t\t\t<\/li>\n\t\t\t\t\t\t\t\t<li class=\"elementor-icon-list-item\">\n\t\t\t\t\t\t\t\t\t\t\t<span class=\"elementor-icon-list-icon\">\n\t\t\t\t\t\t\t<svg aria-hidden=\"true\" class=\"e-font-icon-svg e-fas-check\" viewBox=\"0 0 512 512\" xmlns=\"http:\/\/www.w3.org\/2000\/svg\"><path d=\"M173.898 439.404l-166.4-166.4c-9.997-9.997-9.997-26.206 0-36.204l36.203-36.204c9.997-9.998 26.207-9.998 36.204 0L192 312.69 432.095 72.596c9.997-9.997 26.207-9.997 36.204 0l36.203 36.204c9.997 9.997 9.997 26.206 0 36.204l-294.4 294.401c-9.998 9.997-26.207 9.997-36.204-.001z\"><\/path><\/svg>\t\t\t\t\t\t<\/span>\n\t\t\t\t\t\t\t\t\t\t<span class=\"elementor-icon-list-text\">VCA (Securitate, S\u0103n\u0103tate \u0219i Mediu \u2013 checklist pentru contractori) \u2013 Pentru cei care lucreaz\u0103 sau vor lucra \u00eentr-un mediu cu risc ridicat.<\/span>\n\t\t\t\t\t\t\t\t\t<\/li>\n\t\t\t\t\t\t\t\t<li class=\"elementor-icon-list-item\">\n\t\t\t\t\t\t\t\t\t\t\t<span class=\"elementor-icon-list-icon\">\n\t\t\t\t\t\t\t<svg aria-hidden=\"true\" class=\"e-font-icon-svg e-fas-check\" viewBox=\"0 0 512 512\" xmlns=\"http:\/\/www.w3.org\/2000\/svg\"><path d=\"M173.898 439.404l-166.4-166.4c-9.997-9.997-9.997-26.206 0-36.204l36.203-36.204c9.997-9.998 26.207-9.998 36.204 0L192 312.69 432.095 72.596c9.997-9.997 26.207-9.997 36.204 0l36.203 36.204c9.997 9.997 9.997 26.206 0 36.204l-294.4 294.401c-9.998 9.997-26.207 9.997-36.204-.001z\"><\/path><\/svg>\t\t\t\t\t\t<\/span>\n\t\t\t\t\t\t\t\t\t\t<span class=\"elementor-icon-list-text\">Certificat stivuitor \u2013 Teorie \u0219i practic\u0103 pentru operarea sigur\u0103 \u0219i eficient\u0103 a unui stivuitor.<\/span>\n\t\t\t\t\t\t\t\t\t<\/li>\n\t\t\t\t\t\t\t\t<li class=\"elementor-icon-list-item\">\n\t\t\t\t\t\t\t\t\t\t\t<span class=\"elementor-icon-list-icon\">\n\t\t\t\t\t\t\t<svg aria-hidden=\"true\" class=\"e-font-icon-svg e-fas-check\" viewBox=\"0 0 512 512\" xmlns=\"http:\/\/www.w3.org\/2000\/svg\"><path d=\"M173.898 439.404l-166.4-166.4c-9.997-9.997-9.997-26.206 0-36.204l36.203-36.204c9.997-9.998 26.207-9.998 36.204 0L192 312.69 432.095 72.596c9.997-9.997 26.207-9.997 36.204 0l36.203 36.204c9.997 9.997 9.997 26.206 0 36.204l-294.4 294.401c-9.998 9.997-26.207 9.997-36.204-.001z\"><\/path><\/svg>\t\t\t\t\t\t<\/span>\n\t\t\t\t\t\t\t\t\t\t<span class=\"elementor-icon-list-text\">Certificat reachtruck \u2013 Instruire specific\u0103 pentru utilizarea reachtruck-ului \u00een depozite \u0219i centre de distribu\u021bie.<\/span>\n\t\t\t\t\t\t\t\t\t<\/li>\n\t\t\t\t\t\t\t\t<li class=\"elementor-icon-list-item\">\n\t\t\t\t\t\t\t\t\t\t\t<span class=\"elementor-icon-list-icon\">\n\t\t\t\t\t\t\t<svg aria-hidden=\"true\" class=\"e-font-icon-svg e-fas-check\" viewBox=\"0 0 512 512\" xmlns=\"http:\/\/www.w3.org\/2000\/svg\"><path d=\"M173.898 439.404l-166.4-166.4c-9.997-9.997-9.997-26.206 0-36.204l36.203-36.204c9.997-9.998 26.207-9.998 36.204 0L192 312.69 432.095 72.596c9.997-9.997 26.207-9.997 36.204 0l36.203 36.204c9.997 9.997 9.997 26.206 0 36.204l-294.4 294.401c-9.998 9.997-26.207 9.997-36.204-.001z\"><\/path><\/svg>\t\t\t\t\t\t<\/span>\n\t\t\t\t\t\t\t\t\t\t<span class=\"elementor-icon-list-text\">EPT (Transpalet electric) \u2013 Curs scurt \u0219i practic pentru utilizarea \u00een siguran\u021b\u0103 a unui transpalet electric.<\/span>\n\t\t\t\t\t\t\t\t\t<\/li>\n\t\t\t\t\t\t<\/ul>\n\t\t\t\t\t\t<\/div>\n\t\t\t\t<\/div>\n\t\t<div class=\"elementor-element elementor-element-470c6824 e-con-full e-flex e-con e-child\" data-id=\"470c6824\" data-element_type=\"container\" data-e-type=\"container\">\n\t\t\t\t<div class=\"elementor-element elementor-element-523c71e1 elementor-widget elementor-widget-image\" data-id=\"523c71e1\" data-element_type=\"widget\" data-e-type=\"widget\" data-widget_type=\"image.default\">\n\t\t\t\t\t\t\t\t\t\t\t\t\t\t\t<img fetchpriority=\"high\" decoding=\"async\" width=\"481\" height=\"640\" src=\"https:\/\/matchsupportbv.nl\/wp-content\/uploads\/2025\/09\/Dorian-4-heftruck.jpg\" class=\"attachment-large size-large wp-image-489\" alt=\"\" srcset=\"https:\/\/matchsupportbv.nl\/wp-content\/uploads\/2025\/09\/Dorian-4-heftruck.jpg 481w, https:\/\/matchsupportbv.nl\/wp-content\/uploads\/2025\/09\/Dorian-4-heftruck-225x300.jpg 225w\" sizes=\"(max-width: 481px) 100vw, 481px\" \/>\t\t\t\t\t\t\t\t\t\t\t\t\t\t\t<\/div>\n\t\t\t\t<\/div>\n\t\t\t\t\t<\/div>\n\t\t\t\t<\/div>\n\t\t<div class=\"elementor-element elementor-element-4569ecb7 e-flex e-con-boxed e-con e-parent\" data-id=\"4569ecb7\" data-element_type=\"container\" data-e-type=\"container\">\n\t\t\t\t\t<div class=\"e-con-inner\">\n\t\t<div class=\"elementor-element elementor-element-56ff28a9 e-con-full e-flex e-con e-child\" data-id=\"56ff28a9\" data-element_type=\"container\" data-e-type=\"container\">\n\t\t\t\t<div class=\"elementor-element elementor-element-20017a4a elementor-widget elementor-widget-image\" data-id=\"20017a4a\" data-element_type=\"widget\" data-e-type=\"widget\" data-widget_type=\"image.default\">\n\t\t\t\t\t\t\t\t\t\t\t\t\t\t\t<img decoding=\"async\" width=\"800\" height=\"571\" src=\"https:\/\/matchsupportbv.nl\/wp-content\/uploads\/2025\/08\/medium-shot-women-business-meeting-1024x731.jpg\" class=\"attachment-large size-large wp-image-490\" alt=\"\" srcset=\"https:\/\/matchsupportbv.nl\/wp-content\/uploads\/2025\/08\/medium-shot-women-business-meeting-1024x731.jpg 1024w, https:\/\/matchsupportbv.nl\/wp-content\/uploads\/2025\/08\/medium-shot-women-business-meeting-300x214.jpg 300w, https:\/\/matchsupportbv.nl\/wp-content\/uploads\/2025\/08\/medium-shot-women-business-meeting-768x549.jpg 768w, https:\/\/matchsupportbv.nl\/wp-content\/uploads\/2025\/08\/medium-shot-women-business-meeting-1536x1097.jpg 1536w, https:\/\/matchsupportbv.nl\/wp-content\/uploads\/2025\/08\/medium-shot-women-business-meeting-2048x1463.jpg 2048w\" sizes=\"(max-width: 800px) 100vw, 800px\" \/>\t\t\t\t\t\t\t\t\t\t\t\t\t\t\t<\/div>\n\t\t\t\t<\/div>\n\t\t<div class=\"elementor-element elementor-element-3db74551 e-con-full e-flex e-con e-child\" data-id=\"3db74551\" data-element_type=\"container\" data-e-type=\"container\">\n\t\t\t\t<div class=\"elementor-element elementor-element-1e16d126 elementor-widget elementor-widget-text-editor\" data-id=\"1e16d126\" data-element_type=\"widget\" data-e-type=\"widget\" data-widget_type=\"text-editor.default\">\n\t\t\t\t\t\t\t\t\t<p>Pe l\u00e2ng\u0103 aceste cursuri standard, oferim \u0219i programe suplimentare la cerere, complet adaptate cerin\u021belor postului sau dorin\u021belor specifice ale angajatorului ori participantului.<\/p><p>Vrei s\u0103 afli mai multe despre op\u021biunile noastre de formare? Ia leg\u0103tura cu noi \u2013 te ajut\u0103m cu drag! <\/p>\t\t\t\t\t\t\t\t<\/div>\n\t\t\t\t<div class=\"elementor-element elementor-element-1a6873e6 elementor-widget elementor-widget-button\" data-id=\"1a6873e6\" data-element_type=\"widget\" data-e-type=\"widget\" data-widget_type=\"button.default\">\n\t\t\t\t\t\t\t\t\t\t<a class=\"elementor-button elementor-button-link elementor-size-sm\" href=\"https:\/\/matchsupportbv.nl\/ro\/contact\/\">\n\t\t\t\t\t\t<span class=\"elementor-button-content-wrapper\">\n\t\t\t\t\t\t\t\t\t<span class=\"elementor-button-text\">Contacteaz\u0103-ne<\/span>\n\t\t\t\t\t<\/span>\n\t\t\t\t\t<\/a>\n\t\t\t\t\t\t\t\t<\/div>\n\t\t\t\t<\/div>\n\t\t\t\t\t<\/div>\n\t\t\t\t<\/div>\n\t\t\t\t<\/div>\n\t\t","protected":false},"excerpt":{"rendered":"<p>Baza succesului la locul de munc\u0103 La Match Support credem c\u0103 o formare bun\u0103 este baza succesului la locul de munc\u0103. De aceea oferim o gam\u0103 larg\u0103 de cursuri \u0219i traininguri practice, adaptate nevoilor at\u00e2t ale angaja\u021bilor, c\u00e2t \u0219i ale angajatorilor. Cursurile noastre includ, printre altele: Limba neerlandez\u0103 \u2013 \u00cembun\u0103t\u0103\u021be\u0219te-\u021bi cuno\u0219tin\u021bele de limb\u0103 pentru mai [&hellip;]<\/p>\n","protected":false},"author":1,"featured_media":0,"parent":0,"menu_order":0,"comment_status":"closed","ping_status":"closed","template":"","meta":{"_acf_changed":false,"footnotes":""},"class_list":["post-488","page","type-page","status-publish","hentry"],"acf":[],"yoast_head":"<!-- This site is optimized with the Yoast SEO plugin v27.2 - https:\/\/yoast.com\/product\/yoast-seo-wordpress\/ -->\n<title>Cursuri - Match Support<\/title>\n<meta name=\"robots\" content=\"index, follow, max-snippet:-1, max-image-preview:large, max-video-preview:-1\" \/>\n<link rel=\"canonical\" href=\"https:\/\/matchsupportbv.nl\/ro\/cursuri\/\" \/>\n<meta property=\"og:locale\" content=\"ro_RO\" \/>\n<meta property=\"og:type\" content=\"article\" \/>\n<meta property=\"og:title\" content=\"Cursuri - Match Support\" \/>\n<meta property=\"og:description\" content=\"Baza succesului la locul de munc\u0103 La Match Support credem c\u0103 o formare bun\u0103 este baza succesului la locul de munc\u0103. De aceea oferim o gam\u0103 larg\u0103 de cursuri \u0219i traininguri practice, adaptate nevoilor at\u00e2t ale angaja\u021bilor, c\u00e2t \u0219i ale angajatorilor. Cursurile noastre includ, printre altele: Limba neerlandez\u0103 \u2013 \u00cembun\u0103t\u0103\u021be\u0219te-\u021bi cuno\u0219tin\u021bele de limb\u0103 pentru mai [&hellip;]\" \/>\n<meta property=\"og:url\" content=\"https:\/\/matchsupportbv.nl\/ro\/cursuri\/\" \/>\n<meta property=\"og:site_name\" content=\"Match Support\" \/>\n<meta property=\"article:modified_time\" content=\"2025-11-03T14:16:21+00:00\" \/>\n<meta property=\"og:image\" content=\"https:\/\/matchsupportbv.nl\/wp-content\/uploads\/2025\/09\/Dorian-4-heftruck.jpg\" \/>\n\t<meta property=\"og:image:width\" content=\"481\" \/>\n\t<meta property=\"og:image:height\" content=\"640\" \/>\n\t<meta property=\"og:image:type\" content=\"image\/jpeg\" \/>\n<meta name=\"twitter:card\" content=\"summary_large_image\" \/>\n<meta name=\"twitter:label1\" content=\"Timp estimat pentru citire\" \/>\n\t<meta name=\"twitter:data1\" content=\"1 minut\" \/>\n<script type=\"application\/ld+json\" class=\"yoast-schema-graph\">{\"@context\":\"https:\/\/schema.org\",\"@graph\":[{\"@type\":\"WebPage\",\"@id\":\"https:\/\/matchsupportbv.nl\/ro\/cursuri\/\",\"url\":\"https:\/\/matchsupportbv.nl\/ro\/cursuri\/\",\"name\":\"Cursuri - Match Support\",\"isPartOf\":{\"@id\":\"https:\/\/matchsupportbv.nl\/#website\"},\"primaryImageOfPage\":{\"@id\":\"https:\/\/matchsupportbv.nl\/ro\/cursuri\/#primaryimage\"},\"image\":{\"@id\":\"https:\/\/matchsupportbv.nl\/ro\/cursuri\/#primaryimage\"},\"thumbnailUrl\":\"https:\/\/matchsupportbv.nl\/wp-content\/uploads\/2025\/09\/Dorian-4-heftruck.jpg\",\"datePublished\":\"2025-08-11T13:15:57+00:00\",\"dateModified\":\"2025-11-03T14:16:21+00:00\",\"breadcrumb\":{\"@id\":\"https:\/\/matchsupportbv.nl\/ro\/cursuri\/#breadcrumb\"},\"inLanguage\":\"ro-RO\",\"potentialAction\":[{\"@type\":\"ReadAction\",\"target\":[\"https:\/\/matchsupportbv.nl\/ro\/cursuri\/\"]}]},{\"@type\":\"ImageObject\",\"inLanguage\":\"ro-RO\",\"@id\":\"https:\/\/matchsupportbv.nl\/ro\/cursuri\/#primaryimage\",\"url\":\"https:\/\/matchsupportbv.nl\/wp-content\/uploads\/2025\/09\/Dorian-4-heftruck.jpg\",\"contentUrl\":\"https:\/\/matchsupportbv.nl\/wp-content\/uploads\/2025\/09\/Dorian-4-heftruck.jpg\"},{\"@type\":\"BreadcrumbList\",\"@id\":\"https:\/\/matchsupportbv.nl\/ro\/cursuri\/#breadcrumb\",\"itemListElement\":[{\"@type\":\"ListItem\",\"position\":1,\"name\":\"Home\",\"item\":\"https:\/\/matchsupportbv.nl\/\"},{\"@type\":\"ListItem\",\"position\":2,\"name\":\"Cursuri\"}]},{\"@type\":\"WebSite\",\"@id\":\"https:\/\/matchsupportbv.nl\/#website\",\"url\":\"https:\/\/matchsupportbv.nl\/\",\"name\":\"Match Support\",\"description\":\"We zorgen voor de beste match\",\"publisher\":{\"@id\":\"https:\/\/matchsupportbv.nl\/#organization\"},\"potentialAction\":[{\"@type\":\"SearchAction\",\"target\":{\"@type\":\"EntryPoint\",\"urlTemplate\":\"https:\/\/matchsupportbv.nl\/?s={search_term_string}\"},\"query-input\":{\"@type\":\"PropertyValueSpecification\",\"valueRequired\":true,\"valueName\":\"search_term_string\"}}],\"inLanguage\":\"ro-RO\"},{\"@type\":\"Organization\",\"@id\":\"https:\/\/matchsupportbv.nl\/#organization\",\"name\":\"Match Support\",\"url\":\"https:\/\/matchsupportbv.nl\/\",\"logo\":{\"@type\":\"ImageObject\",\"inLanguage\":\"ro-RO\",\"@id\":\"https:\/\/matchsupportbv.nl\/#\/schema\/logo\/image\/\",\"url\":\"https:\/\/matchsupportbv.nl\/wp-content\/uploads\/2025\/08\/cropped-logo_cirkel_wit_Tekengebied-1-1.png\",\"contentUrl\":\"https:\/\/matchsupportbv.nl\/wp-content\/uploads\/2025\/08\/cropped-logo_cirkel_wit_Tekengebied-1-1.png\",\"width\":1359,\"height\":1359,\"caption\":\"Match Support\"},\"image\":{\"@id\":\"https:\/\/matchsupportbv.nl\/#\/schema\/logo\/image\/\"}}]}<\/script>\n<!-- \/ Yoast SEO plugin. -->","yoast_head_json":{"title":"Cursuri - Match Support","robots":{"index":"index","follow":"follow","max-snippet":"max-snippet:-1","max-image-preview":"max-image-preview:large","max-video-preview":"max-video-preview:-1"},"canonical":"https:\/\/matchsupportbv.nl\/ro\/cursuri\/","og_locale":"ro_RO","og_type":"article","og_title":"Cursuri - Match Support","og_description":"Baza succesului la locul de munc\u0103 La Match Support credem c\u0103 o formare bun\u0103 este baza succesului la locul de munc\u0103. De aceea oferim o gam\u0103 larg\u0103 de cursuri \u0219i traininguri practice, adaptate nevoilor at\u00e2t ale angaja\u021bilor, c\u00e2t \u0219i ale angajatorilor. Cursurile noastre includ, printre altele: Limba neerlandez\u0103 \u2013 \u00cembun\u0103t\u0103\u021be\u0219te-\u021bi cuno\u0219tin\u021bele de limb\u0103 pentru mai [&hellip;]","og_url":"https:\/\/matchsupportbv.nl\/ro\/cursuri\/","og_site_name":"Match Support","article_modified_time":"2025-11-03T14:16:21+00:00","og_image":[{"width":481,"height":640,"url":"https:\/\/matchsupportbv.nl\/wp-content\/uploads\/2025\/09\/Dorian-4-heftruck.jpg","type":"image\/jpeg"}],"twitter_card":"summary_large_image","twitter_misc":{"Timp estimat pentru citire":"1 minut"},"schema":{"@context":"https:\/\/schema.org","@graph":[{"@type":"WebPage","@id":"https:\/\/matchsupportbv.nl\/ro\/cursuri\/","url":"https:\/\/matchsupportbv.nl\/ro\/cursuri\/","name":"Cursuri - Match Support","isPartOf":{"@id":"https:\/\/matchsupportbv.nl\/#website"},"primaryImageOfPage":{"@id":"https:\/\/matchsupportbv.nl\/ro\/cursuri\/#primaryimage"},"image":{"@id":"https:\/\/matchsupportbv.nl\/ro\/cursuri\/#primaryimage"},"thumbnailUrl":"https:\/\/matchsupportbv.nl\/wp-content\/uploads\/2025\/09\/Dorian-4-heftruck.jpg","datePublished":"2025-08-11T13:15:57+00:00","dateModified":"2025-11-03T14:16:21+00:00","breadcrumb":{"@id":"https:\/\/matchsupportbv.nl\/ro\/cursuri\/#breadcrumb"},"inLanguage":"ro-RO","potentialAction":[{"@type":"ReadAction","target":["https:\/\/matchsupportbv.nl\/ro\/cursuri\/"]}]},{"@type":"ImageObject","inLanguage":"ro-RO","@id":"https:\/\/matchsupportbv.nl\/ro\/cursuri\/#primaryimage","url":"https:\/\/matchsupportbv.nl\/wp-content\/uploads\/2025\/09\/Dorian-4-heftruck.jpg","contentUrl":"https:\/\/matchsupportbv.nl\/wp-content\/uploads\/2025\/09\/Dorian-4-heftruck.jpg"},{"@type":"BreadcrumbList","@id":"https:\/\/matchsupportbv.nl\/ro\/cursuri\/#breadcrumb","itemListElement":[{"@type":"ListItem","position":1,"name":"Home","item":"https:\/\/matchsupportbv.nl\/"},{"@type":"ListItem","position":2,"name":"Cursuri"}]},{"@type":"WebSite","@id":"https:\/\/matchsupportbv.nl\/#website","url":"https:\/\/matchsupportbv.nl\/","name":"Match Support","description":"We zorgen voor de beste match","publisher":{"@id":"https:\/\/matchsupportbv.nl\/#organization"},"potentialAction":[{"@type":"SearchAction","target":{"@type":"EntryPoint","urlTemplate":"https:\/\/matchsupportbv.nl\/?s={search_term_string}"},"query-input":{"@type":"PropertyValueSpecification","valueRequired":true,"valueName":"search_term_string"}}],"inLanguage":"ro-RO"},{"@type":"Organization","@id":"https:\/\/matchsupportbv.nl\/#organization","name":"Match Support","url":"https:\/\/matchsupportbv.nl\/","logo":{"@type":"ImageObject","inLanguage":"ro-RO","@id":"https:\/\/matchsupportbv.nl\/#\/schema\/logo\/image\/","url":"https:\/\/matchsupportbv.nl\/wp-content\/uploads\/2025\/08\/cropped-logo_cirkel_wit_Tekengebied-1-1.png","contentUrl":"https:\/\/matchsupportbv.nl\/wp-content\/uploads\/2025\/08\/cropped-logo_cirkel_wit_Tekengebied-1-1.png","width":1359,"height":1359,"caption":"Match Support"},"image":{"@id":"https:\/\/matchsupportbv.nl\/#\/schema\/logo\/image\/"}}]}},"_links":{"self":[{"href":"https:\/\/matchsupportbv.nl\/ro\/wp-json\/wp\/v2\/pages\/488","targetHints":{"allow":["GET"]}}],"collection":[{"href":"https:\/\/matchsupportbv.nl\/ro\/wp-json\/wp\/v2\/pages"}],"about":[{"href":"https:\/\/matchsupportbv.nl\/ro\/wp-json\/wp\/v2\/types\/page"}],"author":[{"embeddable":true,"href":"https:\/\/matchsupportbv.nl\/ro\/wp-json\/wp\/v2\/users\/1"}],"replies":[{"embeddable":true,"href":"https:\/\/matchsupportbv.nl\/ro\/wp-json\/wp\/v2\/comments?post=488"}],"version-history":[{"count":3,"href":"https:\/\/matchsupportbv.nl\/ro\/wp-json\/wp\/v2\/pages\/488\/revisions"}],"predecessor-version":[{"id":1093,"href":"https:\/\/matchsupportbv.nl\/ro\/wp-json\/wp\/v2\/pages\/488\/revisions\/1093"}],"wp:attachment":[{"href":"https:\/\/matchsupportbv.nl\/ro\/wp-json\/wp\/v2\/media?parent=488"}],"curies":[{"name":"wp","href":"https:\/\/api.w.org\/{rel}","templated":true}]}}