{"id":390,"date":"2025-08-11T13:15:57","date_gmt":"2025-08-11T13:15:57","guid":{"rendered":"https:\/\/matchsupportbv.nl\/szkolenia\/"},"modified":"2025-11-06T08:38:41","modified_gmt":"2025-11-06T08:38:41","slug":"szkolenia","status":"publish","type":"page","link":"https:\/\/matchsupportbv.nl\/pl\/szkolenia\/","title":{"rendered":"Szkolenia"},"content":{"rendered":"\t\t<div data-elementor-type=\"wp-page\" data-elementor-id=\"390\" class=\"elementor elementor-390 elementor-60\" data-elementor-post-type=\"page\">\n\t\t\t\t<div class=\"elementor-element elementor-element-50f8ec9d e-flex e-con-boxed e-con e-parent\" data-id=\"50f8ec9d\" data-element_type=\"container\" data-e-type=\"container\" data-settings=\"{&quot;background_background&quot;:&quot;classic&quot;}\">\n\t\t\t\t\t<div class=\"e-con-inner\">\n\t\t<div class=\"elementor-element elementor-element-b709632 e-con-full e-flex e-con e-child\" data-id=\"b709632\" data-element_type=\"container\" data-e-type=\"container\">\n\t\t\t\t<div class=\"elementor-element elementor-element-235e2b88 elementor-widget elementor-widget-heading\" data-id=\"235e2b88\" data-element_type=\"widget\" data-e-type=\"widget\" data-widget_type=\"heading.default\">\n\t\t\t\t\t<h1 class=\"elementor-heading-title elementor-size-default\">Podstawa sukcesu w miejscu pracy<\/h1>\t\t\t\t<\/div>\n\t\t\t\t<\/div>\n\t\t<div class=\"elementor-element elementor-element-1347b18d e-con-full e-flex e-con e-child\" data-id=\"1347b18d\" data-element_type=\"container\" data-e-type=\"container\">\n\t\t\t\t<\/div>\n\t\t\t\t\t<\/div>\n\t\t\t\t<\/div>\n\t\t<div class=\"elementor-element elementor-element-1390ee40 e-flex e-con-boxed e-con e-parent\" data-id=\"1390ee40\" data-element_type=\"container\" data-e-type=\"container\">\n\t\t\t\t\t<div class=\"e-con-inner\">\n\t\t<div class=\"elementor-element elementor-element-719482c2 e-con-full e-flex e-con e-child\" data-id=\"719482c2\" data-element_type=\"container\" data-e-type=\"container\">\n\t\t\t\t<div class=\"elementor-element elementor-element-18eadccf elementor-widget elementor-widget-text-editor\" data-id=\"18eadccf\" data-element_type=\"widget\" data-e-type=\"widget\" data-widget_type=\"text-editor.default\">\n\t\t\t\t\t\t\t\t\t<p>W Match Support wierzymy, \u017ce dobre szkolenie jest podstaw\u0105 sukcesu w miejscu pracy. Dlatego oferujemy szeroki zakres praktycznych kurs\u00f3w i szkole\u0144, kt\u00f3re odpowiadaj\u0105 potrzebom zar\u00f3wno pracownik\u00f3w, jak i pracodawc\u00f3w <\/p><p>Nasze szkolenia obejmuj\u0105 mi\u0119dzy innymi:<\/p>\t\t\t\t\t\t\t\t<\/div>\n\t\t\t\t<div class=\"elementor-element elementor-element-0f75a6b elementor-icon-list--layout-traditional elementor-list-item-link-full_width elementor-widget elementor-widget-icon-list\" data-id=\"0f75a6b\" data-element_type=\"widget\" data-e-type=\"widget\" data-widget_type=\"icon-list.default\">\n\t\t\t\t\t\t\t<ul class=\"elementor-icon-list-items\">\n\t\t\t\t\t\t\t<li class=\"elementor-icon-list-item\">\n\t\t\t\t\t\t\t\t\t\t\t<span class=\"elementor-icon-list-icon\">\n\t\t\t\t\t\t\t<svg aria-hidden=\"true\" class=\"e-font-icon-svg e-fas-check\" viewBox=\"0 0 512 512\" xmlns=\"http:\/\/www.w3.org\/2000\/svg\"><path d=\"M173.898 439.404l-166.4-166.4c-9.997-9.997-9.997-26.206 0-36.204l36.203-36.204c9.997-9.998 26.207-9.998 36.204 0L192 312.69 432.095 72.596c9.997-9.997 26.207-9.997 36.204 0l36.203 36.204c9.997 9.997 9.997 26.206 0 36.204l-294.4 294.401c-9.998 9.997-26.207 9.997-36.204-.001z\"><\/path><\/svg>\t\t\t\t\t\t<\/span>\n\t\t\t\t\t\t\t\t\t\t<span class=\"elementor-icon-list-text\">J\u0119zyk niderlandzki \u2013 Popraw swoje umiej\u0119tno\u015bci j\u0119zykowe, aby uzyska\u0107 wi\u0119cej mo\u017cliwo\u015bci, wi\u0119ksz\u0105 pewno\u015b\u0107 siebie w miejscu pracy i lepsz\u0105 komunikacj\u0119.<\/span>\n\t\t\t\t\t\t\t\t\t<\/li>\n\t\t\t\t\t\t\t\t<li class=\"elementor-icon-list-item\">\n\t\t\t\t\t\t\t\t\t\t\t<span class=\"elementor-icon-list-icon\">\n\t\t\t\t\t\t\t<svg aria-hidden=\"true\" class=\"e-font-icon-svg e-fas-check\" viewBox=\"0 0 512 512\" xmlns=\"http:\/\/www.w3.org\/2000\/svg\"><path d=\"M173.898 439.404l-166.4-166.4c-9.997-9.997-9.997-26.206 0-36.204l36.203-36.204c9.997-9.998 26.207-9.998 36.204 0L192 312.69 432.095 72.596c9.997-9.997 26.207-9.997 36.204 0l36.203 36.204c9.997 9.997 9.997 26.206 0 36.204l-294.4 294.401c-9.998 9.997-26.207 9.997-36.204-.001z\"><\/path><\/svg>\t\t\t\t\t\t<\/span>\n\t\t\t\t\t\t\t\t\t\t<span class=\"elementor-icon-list-text\">BHV (Pomoc w przedsi\u0119biorstwie) - Bezpieczne \u015brodowisko pracy zaczyna si\u0119 od dobrze wyszkolonych ratownik\u00f3w zak\u0142adowych. Dlatego organizujemy praktyczne szkolenia BHV dla pracownik\u00f3w, kt\u00f3rzy chc\u0105 nauczy\u0107 si\u0119, jak post\u0119powa\u0107 w sytuacjach awaryjnych. <\/span>\n\t\t\t\t\t\t\t\t\t<\/li>\n\t\t\t\t\t\t\t\t<li class=\"elementor-icon-list-item\">\n\t\t\t\t\t\t\t\t\t\t\t<span class=\"elementor-icon-list-icon\">\n\t\t\t\t\t\t\t<svg aria-hidden=\"true\" class=\"e-font-icon-svg e-fas-check\" viewBox=\"0 0 512 512\" xmlns=\"http:\/\/www.w3.org\/2000\/svg\"><path d=\"M173.898 439.404l-166.4-166.4c-9.997-9.997-9.997-26.206 0-36.204l36.203-36.204c9.997-9.998 26.207-9.998 36.204 0L192 312.69 432.095 72.596c9.997-9.997 26.207-9.997 36.204 0l36.203 36.204c9.997 9.997 9.997 26.206 0 36.204l-294.4 294.401c-9.998 9.997-26.207 9.997-36.204-.001z\"><\/path><\/svg>\t\t\t\t\t\t<\/span>\n\t\t\t\t\t\t\t\t\t\t<span class=\"elementor-icon-list-text\">VCA (Lista kontrolna bezpiecze\u0144stwa, zdrowia i \u015brodowiska dla wykonawc\u00f3w) \u2013 Dla os\u00f3b pracuj\u0105cych lub zamierzaj\u0105cych pracowa\u0107 w \u015brodowisku wysokiego ryzyka.<\/span>\n\t\t\t\t\t\t\t\t\t<\/li>\n\t\t\t\t\t\t\t\t<li class=\"elementor-icon-list-item\">\n\t\t\t\t\t\t\t\t\t\t\t<span class=\"elementor-icon-list-icon\">\n\t\t\t\t\t\t\t<svg aria-hidden=\"true\" class=\"e-font-icon-svg e-fas-check\" viewBox=\"0 0 512 512\" xmlns=\"http:\/\/www.w3.org\/2000\/svg\"><path d=\"M173.898 439.404l-166.4-166.4c-9.997-9.997-9.997-26.206 0-36.204l36.203-36.204c9.997-9.998 26.207-9.998 36.204 0L192 312.69 432.095 72.596c9.997-9.997 26.207-9.997 36.204 0l36.203 36.204c9.997 9.997 9.997 26.206 0 36.204l-294.4 294.401c-9.998 9.997-26.207 9.997-36.204-.001z\"><\/path><\/svg>\t\t\t\t\t\t<\/span>\n\t\t\t\t\t\t\t\t\t\t<span class=\"elementor-icon-list-text\">Certyfikat w\u00f3zka wid\u0142owego \u2013 Teoria i praktyka bezpiecznej i efektywnej obs\u0142ugi w\u00f3zka wid\u0142owego.<\/span>\n\t\t\t\t\t\t\t\t\t<\/li>\n\t\t\t\t\t\t\t\t<li class=\"elementor-icon-list-item\">\n\t\t\t\t\t\t\t\t\t\t\t<span class=\"elementor-icon-list-icon\">\n\t\t\t\t\t\t\t<svg aria-hidden=\"true\" class=\"e-font-icon-svg e-fas-check\" viewBox=\"0 0 512 512\" xmlns=\"http:\/\/www.w3.org\/2000\/svg\"><path d=\"M173.898 439.404l-166.4-166.4c-9.997-9.997-9.997-26.206 0-36.204l36.203-36.204c9.997-9.998 26.207-9.998 36.204 0L192 312.69 432.095 72.596c9.997-9.997 26.207-9.997 36.204 0l36.203 36.204c9.997 9.997 9.997 26.206 0 36.204l-294.4 294.401c-9.998 9.997-26.207 9.997-36.204-.001z\"><\/path><\/svg>\t\t\t\t\t\t<\/span>\n\t\t\t\t\t\t\t\t\t\t<span class=\"elementor-icon-list-text\">Certyfikat w\u00f3zka reach truck \u2013 Specjalistyczne szkolenie z obs\u0142ugi w\u00f3zka reach truck w magazynach i centrach dystrybucji.<\/span>\n\t\t\t\t\t\t\t\t\t<\/li>\n\t\t\t\t\t\t\t\t<li class=\"elementor-icon-list-item\">\n\t\t\t\t\t\t\t\t\t\t\t<span class=\"elementor-icon-list-icon\">\n\t\t\t\t\t\t\t<svg aria-hidden=\"true\" class=\"e-font-icon-svg e-fas-check\" viewBox=\"0 0 512 512\" xmlns=\"http:\/\/www.w3.org\/2000\/svg\"><path d=\"M173.898 439.404l-166.4-166.4c-9.997-9.997-9.997-26.206 0-36.204l36.203-36.204c9.997-9.998 26.207-9.998 36.204 0L192 312.69 432.095 72.596c9.997-9.997 26.207-9.997 36.204 0l36.203 36.204c9.997 9.997 9.997 26.206 0 36.204l-294.4 294.401c-9.998 9.997-26.207 9.997-36.204-.001z\"><\/path><\/svg>\t\t\t\t\t\t<\/span>\n\t\t\t\t\t\t\t\t\t\t<span class=\"elementor-icon-list-text\">EPT (Elektryczny w\u00f3zek paletowy) \u2013 Kr\u00f3tki, praktyczny kurs bezpiecznego u\u017cywania elektrycznego w\u00f3zka paletowego.<\/span>\n\t\t\t\t\t\t\t\t\t<\/li>\n\t\t\t\t\t\t<\/ul>\n\t\t\t\t\t\t<\/div>\n\t\t\t\t<\/div>\n\t\t<div class=\"elementor-element elementor-element-470c6824 e-con-full e-flex e-con e-child\" data-id=\"470c6824\" data-element_type=\"container\" data-e-type=\"container\">\n\t\t\t\t<div class=\"elementor-element elementor-element-523c71e1 elementor-widget elementor-widget-image\" data-id=\"523c71e1\" data-element_type=\"widget\" data-e-type=\"widget\" data-widget_type=\"image.default\">\n\t\t\t\t\t\t\t\t\t\t\t\t\t\t\t<img fetchpriority=\"high\" decoding=\"async\" width=\"481\" height=\"640\" src=\"https:\/\/matchsupportbv.nl\/wp-content\/uploads\/2025\/09\/Dorian-4-heftruck.jpg\" class=\"attachment-large size-large wp-image-391\" alt=\"\" srcset=\"https:\/\/matchsupportbv.nl\/wp-content\/uploads\/2025\/09\/Dorian-4-heftruck.jpg 481w, https:\/\/matchsupportbv.nl\/wp-content\/uploads\/2025\/09\/Dorian-4-heftruck-225x300.jpg 225w\" sizes=\"(max-width: 481px) 100vw, 481px\" \/>\t\t\t\t\t\t\t\t\t\t\t\t\t\t\t<\/div>\n\t\t\t\t<\/div>\n\t\t\t\t\t<\/div>\n\t\t\t\t<\/div>\n\t\t<div class=\"elementor-element elementor-element-4569ecb7 e-flex e-con-boxed e-con e-parent\" data-id=\"4569ecb7\" data-element_type=\"container\" data-e-type=\"container\">\n\t\t\t\t\t<div class=\"e-con-inner\">\n\t\t<div class=\"elementor-element elementor-element-56ff28a9 e-con-full e-flex e-con e-child\" data-id=\"56ff28a9\" data-element_type=\"container\" data-e-type=\"container\">\n\t\t\t\t<div class=\"elementor-element elementor-element-20017a4a elementor-widget elementor-widget-image\" data-id=\"20017a4a\" data-element_type=\"widget\" data-e-type=\"widget\" data-widget_type=\"image.default\">\n\t\t\t\t\t\t\t\t\t\t\t\t\t\t\t<img decoding=\"async\" width=\"800\" height=\"571\" src=\"https:\/\/matchsupportbv.nl\/wp-content\/uploads\/2025\/08\/medium-shot-women-business-meeting-1024x731.jpg\" class=\"attachment-large size-large wp-image-393\" alt=\"\" srcset=\"https:\/\/matchsupportbv.nl\/wp-content\/uploads\/2025\/08\/medium-shot-women-business-meeting-1024x731.jpg 1024w, https:\/\/matchsupportbv.nl\/wp-content\/uploads\/2025\/08\/medium-shot-women-business-meeting-300x214.jpg 300w, https:\/\/matchsupportbv.nl\/wp-content\/uploads\/2025\/08\/medium-shot-women-business-meeting-768x549.jpg 768w, https:\/\/matchsupportbv.nl\/wp-content\/uploads\/2025\/08\/medium-shot-women-business-meeting-1536x1097.jpg 1536w, https:\/\/matchsupportbv.nl\/wp-content\/uploads\/2025\/08\/medium-shot-women-business-meeting-2048x1463.jpg 2048w\" sizes=\"(max-width: 800px) 100vw, 800px\" \/>\t\t\t\t\t\t\t\t\t\t\t\t\t\t\t<\/div>\n\t\t\t\t<\/div>\n\t\t<div class=\"elementor-element elementor-element-3db74551 e-con-full e-flex e-con e-child\" data-id=\"3db74551\" data-element_type=\"container\" data-e-type=\"container\">\n\t\t\t\t<div class=\"elementor-element elementor-element-1e16d126 elementor-widget elementor-widget-text-editor\" data-id=\"1e16d126\" data-element_type=\"widget\" data-e-type=\"widget\" data-widget_type=\"text-editor.default\">\n\t\t\t\t\t\t\t\t\t<p>Opr\u00f3cz tych standardowych szkole\u0144 oferujemy r\u00f3wnie\u017c dodatkowe kursy na \u017cyczenie, w pe\u0142ni dostosowane do wymaga\u0144 stanowiska lub specyficznych potrzeb pracodawcy lub uczestnika.<\/p><p>Chcesz dowiedzie\u0107 si\u0119 wi\u0119cej o naszych mo\u017cliwo\u015bciach szkoleniowych? Skontaktuj si\u0119 z nami \u2013 ch\u0119tnie pomy\u015blimy razem z Tob\u0105! <\/p>\t\t\t\t\t\t\t\t<\/div>\n\t\t\t\t<div class=\"elementor-element elementor-element-1a6873e6 elementor-widget elementor-widget-button\" data-id=\"1a6873e6\" data-element_type=\"widget\" data-e-type=\"widget\" data-widget_type=\"button.default\">\n\t\t\t\t\t\t\t\t\t\t<a class=\"elementor-button elementor-button-link elementor-size-sm\" href=\"https:\/\/matchsupportbv.nl\/pl\/kontakt\/\">\n\t\t\t\t\t\t<span class=\"elementor-button-content-wrapper\">\n\t\t\t\t\t\t\t\t\t<span class=\"elementor-button-text\">Skontaktuj si\u0119 z nami<\/span>\n\t\t\t\t\t<\/span>\n\t\t\t\t\t<\/a>\n\t\t\t\t\t\t\t\t<\/div>\n\t\t\t\t<\/div>\n\t\t\t\t\t<\/div>\n\t\t\t\t<\/div>\n\t\t\t\t<\/div>\n\t\t","protected":false},"excerpt":{"rendered":"<p>Podstawa sukcesu w miejscu pracy W Match Support wierzymy, \u017ce dobre szkolenie jest podstaw\u0105 sukcesu w miejscu pracy. Dlatego oferujemy szeroki zakres praktycznych kurs\u00f3w i szkole\u0144, kt\u00f3re odpowiadaj\u0105 potrzebom zar\u00f3wno pracownik\u00f3w, jak i pracodawc\u00f3w Nasze szkolenia obejmuj\u0105 mi\u0119dzy innymi: J\u0119zyk niderlandzki \u2013 Popraw swoje umiej\u0119tno\u015bci j\u0119zykowe, aby uzyska\u0107 wi\u0119cej mo\u017cliwo\u015bci, wi\u0119ksz\u0105 pewno\u015b\u0107 siebie w miejscu [&hellip;]<\/p>\n","protected":false},"author":1,"featured_media":0,"parent":0,"menu_order":0,"comment_status":"closed","ping_status":"closed","template":"","meta":{"_acf_changed":false,"footnotes":""},"class_list":["post-390","page","type-page","status-publish","hentry"],"acf":[],"yoast_head":"<!-- This site is optimized with the Yoast SEO plugin v27.2 - https:\/\/yoast.com\/product\/yoast-seo-wordpress\/ -->\n<title>Szkolenia - Match Support<\/title>\n<meta name=\"robots\" content=\"index, follow, max-snippet:-1, max-image-preview:large, max-video-preview:-1\" \/>\n<link rel=\"canonical\" href=\"https:\/\/matchsupportbv.nl\/pl\/szkolenia\/\" \/>\n<meta property=\"og:locale\" content=\"pl_PL\" \/>\n<meta property=\"og:type\" content=\"article\" \/>\n<meta property=\"og:title\" content=\"Szkolenia - Match Support\" \/>\n<meta property=\"og:description\" content=\"Podstawa sukcesu w miejscu pracy W Match Support wierzymy, \u017ce dobre szkolenie jest podstaw\u0105 sukcesu w miejscu pracy. Dlatego oferujemy szeroki zakres praktycznych kurs\u00f3w i szkole\u0144, kt\u00f3re odpowiadaj\u0105 potrzebom zar\u00f3wno pracownik\u00f3w, jak i pracodawc\u00f3w Nasze szkolenia obejmuj\u0105 mi\u0119dzy innymi: J\u0119zyk niderlandzki \u2013 Popraw swoje umiej\u0119tno\u015bci j\u0119zykowe, aby uzyska\u0107 wi\u0119cej mo\u017cliwo\u015bci, wi\u0119ksz\u0105 pewno\u015b\u0107 siebie w miejscu [&hellip;]\" \/>\n<meta property=\"og:url\" content=\"https:\/\/matchsupportbv.nl\/pl\/szkolenia\/\" \/>\n<meta property=\"og:site_name\" content=\"Match Support\" \/>\n<meta property=\"article:modified_time\" content=\"2025-11-06T08:38:41+00:00\" \/>\n<meta property=\"og:image\" content=\"https:\/\/matchsupportbv.nl\/wp-content\/uploads\/2025\/09\/Dorian-4-heftruck.jpg\" \/>\n\t<meta property=\"og:image:width\" content=\"481\" \/>\n\t<meta property=\"og:image:height\" content=\"640\" \/>\n\t<meta property=\"og:image:type\" content=\"image\/jpeg\" \/>\n<meta name=\"twitter:card\" content=\"summary_large_image\" \/>\n<meta name=\"twitter:label1\" content=\"Szacowany czas czytania\" \/>\n\t<meta name=\"twitter:data1\" content=\"1 minuta\" \/>\n<script type=\"application\/ld+json\" class=\"yoast-schema-graph\">{\"@context\":\"https:\/\/schema.org\",\"@graph\":[{\"@type\":\"WebPage\",\"@id\":\"https:\/\/matchsupportbv.nl\/pl\/szkolenia\/\",\"url\":\"https:\/\/matchsupportbv.nl\/pl\/szkolenia\/\",\"name\":\"Szkolenia - Match Support\",\"isPartOf\":{\"@id\":\"https:\/\/matchsupportbv.nl\/#website\"},\"primaryImageOfPage\":{\"@id\":\"https:\/\/matchsupportbv.nl\/pl\/szkolenia\/#primaryimage\"},\"image\":{\"@id\":\"https:\/\/matchsupportbv.nl\/pl\/szkolenia\/#primaryimage\"},\"thumbnailUrl\":\"https:\/\/matchsupportbv.nl\/wp-content\/uploads\/2025\/09\/Dorian-4-heftruck.jpg\",\"datePublished\":\"2025-08-11T13:15:57+00:00\",\"dateModified\":\"2025-11-06T08:38:41+00:00\",\"breadcrumb\":{\"@id\":\"https:\/\/matchsupportbv.nl\/pl\/szkolenia\/#breadcrumb\"},\"inLanguage\":\"pl-PL\",\"potentialAction\":[{\"@type\":\"ReadAction\",\"target\":[\"https:\/\/matchsupportbv.nl\/pl\/szkolenia\/\"]}]},{\"@type\":\"ImageObject\",\"inLanguage\":\"pl-PL\",\"@id\":\"https:\/\/matchsupportbv.nl\/pl\/szkolenia\/#primaryimage\",\"url\":\"https:\/\/matchsupportbv.nl\/wp-content\/uploads\/2025\/09\/Dorian-4-heftruck.jpg\",\"contentUrl\":\"https:\/\/matchsupportbv.nl\/wp-content\/uploads\/2025\/09\/Dorian-4-heftruck.jpg\"},{\"@type\":\"BreadcrumbList\",\"@id\":\"https:\/\/matchsupportbv.nl\/pl\/szkolenia\/#breadcrumb\",\"itemListElement\":[{\"@type\":\"ListItem\",\"position\":1,\"name\":\"Home\",\"item\":\"https:\/\/matchsupportbv.nl\/\"},{\"@type\":\"ListItem\",\"position\":2,\"name\":\"Szkolenia\"}]},{\"@type\":\"WebSite\",\"@id\":\"https:\/\/matchsupportbv.nl\/#website\",\"url\":\"https:\/\/matchsupportbv.nl\/\",\"name\":\"Match Support\",\"description\":\"We zorgen voor de beste match\",\"publisher\":{\"@id\":\"https:\/\/matchsupportbv.nl\/#organization\"},\"potentialAction\":[{\"@type\":\"SearchAction\",\"target\":{\"@type\":\"EntryPoint\",\"urlTemplate\":\"https:\/\/matchsupportbv.nl\/?s={search_term_string}\"},\"query-input\":{\"@type\":\"PropertyValueSpecification\",\"valueRequired\":true,\"valueName\":\"search_term_string\"}}],\"inLanguage\":\"pl-PL\"},{\"@type\":\"Organization\",\"@id\":\"https:\/\/matchsupportbv.nl\/#organization\",\"name\":\"Match Support\",\"url\":\"https:\/\/matchsupportbv.nl\/\",\"logo\":{\"@type\":\"ImageObject\",\"inLanguage\":\"pl-PL\",\"@id\":\"https:\/\/matchsupportbv.nl\/#\/schema\/logo\/image\/\",\"url\":\"https:\/\/matchsupportbv.nl\/wp-content\/uploads\/2025\/08\/cropped-logo_cirkel_wit_Tekengebied-1-1.png\",\"contentUrl\":\"https:\/\/matchsupportbv.nl\/wp-content\/uploads\/2025\/08\/cropped-logo_cirkel_wit_Tekengebied-1-1.png\",\"width\":1359,\"height\":1359,\"caption\":\"Match Support\"},\"image\":{\"@id\":\"https:\/\/matchsupportbv.nl\/#\/schema\/logo\/image\/\"}}]}<\/script>\n<!-- \/ Yoast SEO plugin. -->","yoast_head_json":{"title":"Szkolenia - Match Support","robots":{"index":"index","follow":"follow","max-snippet":"max-snippet:-1","max-image-preview":"max-image-preview:large","max-video-preview":"max-video-preview:-1"},"canonical":"https:\/\/matchsupportbv.nl\/pl\/szkolenia\/","og_locale":"pl_PL","og_type":"article","og_title":"Szkolenia - Match Support","og_description":"Podstawa sukcesu w miejscu pracy W Match Support wierzymy, \u017ce dobre szkolenie jest podstaw\u0105 sukcesu w miejscu pracy. Dlatego oferujemy szeroki zakres praktycznych kurs\u00f3w i szkole\u0144, kt\u00f3re odpowiadaj\u0105 potrzebom zar\u00f3wno pracownik\u00f3w, jak i pracodawc\u00f3w Nasze szkolenia obejmuj\u0105 mi\u0119dzy innymi: J\u0119zyk niderlandzki \u2013 Popraw swoje umiej\u0119tno\u015bci j\u0119zykowe, aby uzyska\u0107 wi\u0119cej mo\u017cliwo\u015bci, wi\u0119ksz\u0105 pewno\u015b\u0107 siebie w miejscu [&hellip;]","og_url":"https:\/\/matchsupportbv.nl\/pl\/szkolenia\/","og_site_name":"Match Support","article_modified_time":"2025-11-06T08:38:41+00:00","og_image":[{"width":481,"height":640,"url":"https:\/\/matchsupportbv.nl\/wp-content\/uploads\/2025\/09\/Dorian-4-heftruck.jpg","type":"image\/jpeg"}],"twitter_card":"summary_large_image","twitter_misc":{"Szacowany czas czytania":"1 minuta"},"schema":{"@context":"https:\/\/schema.org","@graph":[{"@type":"WebPage","@id":"https:\/\/matchsupportbv.nl\/pl\/szkolenia\/","url":"https:\/\/matchsupportbv.nl\/pl\/szkolenia\/","name":"Szkolenia - Match Support","isPartOf":{"@id":"https:\/\/matchsupportbv.nl\/#website"},"primaryImageOfPage":{"@id":"https:\/\/matchsupportbv.nl\/pl\/szkolenia\/#primaryimage"},"image":{"@id":"https:\/\/matchsupportbv.nl\/pl\/szkolenia\/#primaryimage"},"thumbnailUrl":"https:\/\/matchsupportbv.nl\/wp-content\/uploads\/2025\/09\/Dorian-4-heftruck.jpg","datePublished":"2025-08-11T13:15:57+00:00","dateModified":"2025-11-06T08:38:41+00:00","breadcrumb":{"@id":"https:\/\/matchsupportbv.nl\/pl\/szkolenia\/#breadcrumb"},"inLanguage":"pl-PL","potentialAction":[{"@type":"ReadAction","target":["https:\/\/matchsupportbv.nl\/pl\/szkolenia\/"]}]},{"@type":"ImageObject","inLanguage":"pl-PL","@id":"https:\/\/matchsupportbv.nl\/pl\/szkolenia\/#primaryimage","url":"https:\/\/matchsupportbv.nl\/wp-content\/uploads\/2025\/09\/Dorian-4-heftruck.jpg","contentUrl":"https:\/\/matchsupportbv.nl\/wp-content\/uploads\/2025\/09\/Dorian-4-heftruck.jpg"},{"@type":"BreadcrumbList","@id":"https:\/\/matchsupportbv.nl\/pl\/szkolenia\/#breadcrumb","itemListElement":[{"@type":"ListItem","position":1,"name":"Home","item":"https:\/\/matchsupportbv.nl\/"},{"@type":"ListItem","position":2,"name":"Szkolenia"}]},{"@type":"WebSite","@id":"https:\/\/matchsupportbv.nl\/#website","url":"https:\/\/matchsupportbv.nl\/","name":"Match Support","description":"We zorgen voor de beste match","publisher":{"@id":"https:\/\/matchsupportbv.nl\/#organization"},"potentialAction":[{"@type":"SearchAction","target":{"@type":"EntryPoint","urlTemplate":"https:\/\/matchsupportbv.nl\/?s={search_term_string}"},"query-input":{"@type":"PropertyValueSpecification","valueRequired":true,"valueName":"search_term_string"}}],"inLanguage":"pl-PL"},{"@type":"Organization","@id":"https:\/\/matchsupportbv.nl\/#organization","name":"Match Support","url":"https:\/\/matchsupportbv.nl\/","logo":{"@type":"ImageObject","inLanguage":"pl-PL","@id":"https:\/\/matchsupportbv.nl\/#\/schema\/logo\/image\/","url":"https:\/\/matchsupportbv.nl\/wp-content\/uploads\/2025\/08\/cropped-logo_cirkel_wit_Tekengebied-1-1.png","contentUrl":"https:\/\/matchsupportbv.nl\/wp-content\/uploads\/2025\/08\/cropped-logo_cirkel_wit_Tekengebied-1-1.png","width":1359,"height":1359,"caption":"Match Support"},"image":{"@id":"https:\/\/matchsupportbv.nl\/#\/schema\/logo\/image\/"}}]}},"_links":{"self":[{"href":"https:\/\/matchsupportbv.nl\/pl\/wp-json\/wp\/v2\/pages\/390","targetHints":{"allow":["GET"]}}],"collection":[{"href":"https:\/\/matchsupportbv.nl\/pl\/wp-json\/wp\/v2\/pages"}],"about":[{"href":"https:\/\/matchsupportbv.nl\/pl\/wp-json\/wp\/v2\/types\/page"}],"author":[{"embeddable":true,"href":"https:\/\/matchsupportbv.nl\/pl\/wp-json\/wp\/v2\/users\/1"}],"replies":[{"embeddable":true,"href":"https:\/\/matchsupportbv.nl\/pl\/wp-json\/wp\/v2\/comments?post=390"}],"version-history":[{"count":2,"href":"https:\/\/matchsupportbv.nl\/pl\/wp-json\/wp\/v2\/pages\/390\/revisions"}],"predecessor-version":[{"id":1107,"href":"https:\/\/matchsupportbv.nl\/pl\/wp-json\/wp\/v2\/pages\/390\/revisions\/1107"}],"wp:attachment":[{"href":"https:\/\/matchsupportbv.nl\/pl\/wp-json\/wp\/v2\/media?parent=390"}],"curies":[{"name":"wp","href":"https:\/\/api.w.org\/{rel}","templated":true}]}}