{"id":398,"date":"2025-08-11T13:15:57","date_gmt":"2025-08-11T13:15:57","guid":{"rendered":"https:\/\/matchsupportbv.nl\/formaciones\/"},"modified":"2025-11-03T14:16:29","modified_gmt":"2025-11-03T14:16:29","slug":"formaciones","status":"publish","type":"page","link":"https:\/\/matchsupportbv.nl\/es\/formaciones\/","title":{"rendered":"Formaciones"},"content":{"rendered":"\t\t<div data-elementor-type=\"wp-page\" data-elementor-id=\"398\" class=\"elementor elementor-398 elementor-60\" data-elementor-post-type=\"page\">\n\t\t\t\t<div class=\"elementor-element elementor-element-50f8ec9d e-flex e-con-boxed e-con e-parent\" data-id=\"50f8ec9d\" data-element_type=\"container\" data-e-type=\"container\" data-settings=\"{&quot;background_background&quot;:&quot;classic&quot;}\">\n\t\t\t\t\t<div class=\"e-con-inner\">\n\t\t<div class=\"elementor-element elementor-element-b709632 e-con-full e-flex e-con e-child\" data-id=\"b709632\" data-element_type=\"container\" data-e-type=\"container\">\n\t\t\t\t<div class=\"elementor-element elementor-element-235e2b88 elementor-widget elementor-widget-heading\" data-id=\"235e2b88\" data-element_type=\"widget\" data-e-type=\"widget\" data-widget_type=\"heading.default\">\n\t\t\t\t\t<h1 class=\"elementor-heading-title elementor-size-default\">La base para el \u00e9xito en el trabajo<\/h1>\t\t\t\t<\/div>\n\t\t\t\t<\/div>\n\t\t<div class=\"elementor-element elementor-element-1347b18d e-con-full e-flex e-con e-child\" data-id=\"1347b18d\" data-element_type=\"container\" data-e-type=\"container\">\n\t\t\t\t<\/div>\n\t\t\t\t\t<\/div>\n\t\t\t\t<\/div>\n\t\t<div class=\"elementor-element elementor-element-1390ee40 e-flex e-con-boxed e-con e-parent\" data-id=\"1390ee40\" data-element_type=\"container\" data-e-type=\"container\">\n\t\t\t\t\t<div class=\"e-con-inner\">\n\t\t<div class=\"elementor-element elementor-element-719482c2 e-con-full e-flex e-con e-child\" data-id=\"719482c2\" data-element_type=\"container\" data-e-type=\"container\">\n\t\t\t\t<div class=\"elementor-element elementor-element-18eadccf elementor-widget elementor-widget-text-editor\" data-id=\"18eadccf\" data-element_type=\"widget\" data-e-type=\"widget\" data-widget_type=\"text-editor.default\">\n\t\t\t\t\t\t\t\t\t<p>En Match Support creemos que una buena formaci\u00f3n es la base para el \u00e9xito en el trabajo. Por eso, ofrecemos una amplia gama de cursos y formaciones pr\u00e1cticas que se adaptan a las necesidades tanto de empleados como de empleadores. <\/p><p>Nuestras formaciones incluyen, entre otras:<\/p>\t\t\t\t\t\t\t\t<\/div>\n\t\t\t\t<div class=\"elementor-element elementor-element-0f75a6b elementor-icon-list--layout-traditional elementor-list-item-link-full_width elementor-widget elementor-widget-icon-list\" data-id=\"0f75a6b\" data-element_type=\"widget\" data-e-type=\"widget\" data-widget_type=\"icon-list.default\">\n\t\t\t\t\t\t\t<ul class=\"elementor-icon-list-items\">\n\t\t\t\t\t\t\t<li class=\"elementor-icon-list-item\">\n\t\t\t\t\t\t\t\t\t\t\t<span class=\"elementor-icon-list-icon\">\n\t\t\t\t\t\t\t<svg aria-hidden=\"true\" class=\"e-font-icon-svg e-fas-check\" viewBox=\"0 0 512 512\" xmlns=\"http:\/\/www.w3.org\/2000\/svg\"><path d=\"M173.898 439.404l-166.4-166.4c-9.997-9.997-9.997-26.206 0-36.204l36.203-36.204c9.997-9.998 26.207-9.998 36.204 0L192 312.69 432.095 72.596c9.997-9.997 26.207-9.997 36.204 0l36.203 36.204c9.997 9.997 9.997 26.206 0 36.204l-294.4 294.401c-9.998 9.997-26.207 9.997-36.204-.001z\"><\/path><\/svg>\t\t\t\t\t\t<\/span>\n\t\t\t\t\t\t\t\t\t\t<span class=\"elementor-icon-list-text\">Idioma neerland\u00e9s: mejora tus habilidades ling\u00fc\u00edsticas para tener m\u00e1s oportunidades, m\u00e1s confianza en el trabajo y una mejor comunicaci\u00f3n.<\/span>\n\t\t\t\t\t\t\t\t\t<\/li>\n\t\t\t\t\t\t\t\t<li class=\"elementor-icon-list-item\">\n\t\t\t\t\t\t\t\t\t\t\t<span class=\"elementor-icon-list-icon\">\n\t\t\t\t\t\t\t<svg aria-hidden=\"true\" class=\"e-font-icon-svg e-fas-check\" viewBox=\"0 0 512 512\" xmlns=\"http:\/\/www.w3.org\/2000\/svg\"><path d=\"M173.898 439.404l-166.4-166.4c-9.997-9.997-9.997-26.206 0-36.204l36.203-36.204c9.997-9.998 26.207-9.998 36.204 0L192 312.69 432.095 72.596c9.997-9.997 26.207-9.997 36.204 0l36.203 36.204c9.997 9.997 9.997 26.206 0 36.204l-294.4 294.401c-9.998 9.997-26.207 9.997-36.204-.001z\"><\/path><\/svg>\t\t\t\t\t\t<\/span>\n\t\t\t\t\t\t\t\t\t\t<span class=\"elementor-icon-list-text\">BHV (Primeros auxilios en la empresa): un entorno de trabajo seguro comienza con personal de primeros auxilios bien formado. Por lo tanto, organizamos formaciones pr\u00e1cticas de BHV para empleados que quieran aprender a actuar en situaciones de emergencia. <\/span>\n\t\t\t\t\t\t\t\t\t<\/li>\n\t\t\t\t\t\t\t\t<li class=\"elementor-icon-list-item\">\n\t\t\t\t\t\t\t\t\t\t\t<span class=\"elementor-icon-list-icon\">\n\t\t\t\t\t\t\t<svg aria-hidden=\"true\" class=\"e-font-icon-svg e-fas-check\" viewBox=\"0 0 512 512\" xmlns=\"http:\/\/www.w3.org\/2000\/svg\"><path d=\"M173.898 439.404l-166.4-166.4c-9.997-9.997-9.997-26.206 0-36.204l36.203-36.204c9.997-9.998 26.207-9.998 36.204 0L192 312.69 432.095 72.596c9.997-9.997 26.207-9.997 36.204 0l36.203 36.204c9.997 9.997 9.997 26.206 0 36.204l-294.4 294.401c-9.998 9.997-26.207 9.997-36.204-.001z\"><\/path><\/svg>\t\t\t\t\t\t<\/span>\n\t\t\t\t\t\t\t\t\t\t<span class=\"elementor-icon-list-text\">VCA (Lista de verificaci\u00f3n de seguridad, salud y medio ambiente para contratistas): para quienes trabajan o van a trabajar en un entorno de riesgo.<\/span>\n\t\t\t\t\t\t\t\t\t<\/li>\n\t\t\t\t\t\t\t\t<li class=\"elementor-icon-list-item\">\n\t\t\t\t\t\t\t\t\t\t\t<span class=\"elementor-icon-list-icon\">\n\t\t\t\t\t\t\t<svg aria-hidden=\"true\" class=\"e-font-icon-svg e-fas-check\" viewBox=\"0 0 512 512\" xmlns=\"http:\/\/www.w3.org\/2000\/svg\"><path d=\"M173.898 439.404l-166.4-166.4c-9.997-9.997-9.997-26.206 0-36.204l36.203-36.204c9.997-9.998 26.207-9.998 36.204 0L192 312.69 432.095 72.596c9.997-9.997 26.207-9.997 36.204 0l36.203 36.204c9.997 9.997 9.997 26.206 0 36.204l-294.4 294.401c-9.998 9.997-26.207 9.997-36.204-.001z\"><\/path><\/svg>\t\t\t\t\t\t<\/span>\n\t\t\t\t\t\t\t\t\t\t<span class=\"elementor-icon-list-text\">Certificado de carretillero: teor\u00eda y pr\u00e1ctica para el manejo seguro y eficiente de una carretilla elevadora.<\/span>\n\t\t\t\t\t\t\t\t\t<\/li>\n\t\t\t\t\t\t\t\t<li class=\"elementor-icon-list-item\">\n\t\t\t\t\t\t\t\t\t\t\t<span class=\"elementor-icon-list-icon\">\n\t\t\t\t\t\t\t<svg aria-hidden=\"true\" class=\"e-font-icon-svg e-fas-check\" viewBox=\"0 0 512 512\" xmlns=\"http:\/\/www.w3.org\/2000\/svg\"><path d=\"M173.898 439.404l-166.4-166.4c-9.997-9.997-9.997-26.206 0-36.204l36.203-36.204c9.997-9.998 26.207-9.998 36.204 0L192 312.69 432.095 72.596c9.997-9.997 26.207-9.997 36.204 0l36.203 36.204c9.997 9.997 9.997 26.206 0 36.204l-294.4 294.401c-9.998 9.997-26.207 9.997-36.204-.001z\"><\/path><\/svg>\t\t\t\t\t\t<\/span>\n\t\t\t\t\t\t\t\t\t\t<span class=\"elementor-icon-list-text\">Certificado de carretilla retr\u00e1ctil: formaci\u00f3n espec\u00edfica para el uso de la carretilla retr\u00e1ctil en almacenes y centros de distribuci\u00f3n.<\/span>\n\t\t\t\t\t\t\t\t\t<\/li>\n\t\t\t\t\t\t\t\t<li class=\"elementor-icon-list-item\">\n\t\t\t\t\t\t\t\t\t\t\t<span class=\"elementor-icon-list-icon\">\n\t\t\t\t\t\t\t<svg aria-hidden=\"true\" class=\"e-font-icon-svg e-fas-check\" viewBox=\"0 0 512 512\" xmlns=\"http:\/\/www.w3.org\/2000\/svg\"><path d=\"M173.898 439.404l-166.4-166.4c-9.997-9.997-9.997-26.206 0-36.204l36.203-36.204c9.997-9.998 26.207-9.998 36.204 0L192 312.69 432.095 72.596c9.997-9.997 26.207-9.997 36.204 0l36.203 36.204c9.997 9.997 9.997 26.206 0 36.204l-294.4 294.401c-9.998 9.997-26.207 9.997-36.204-.001z\"><\/path><\/svg>\t\t\t\t\t\t<\/span>\n\t\t\t\t\t\t\t\t\t\t<span class=\"elementor-icon-list-text\">EPT (Transpaleta el\u00e9ctrica): curso corto y pr\u00e1ctico para el uso seguro de una transpaleta el\u00e9ctrica.<\/span>\n\t\t\t\t\t\t\t\t\t<\/li>\n\t\t\t\t\t\t<\/ul>\n\t\t\t\t\t\t<\/div>\n\t\t\t\t<\/div>\n\t\t<div class=\"elementor-element elementor-element-470c6824 e-con-full e-flex e-con e-child\" data-id=\"470c6824\" data-element_type=\"container\" data-e-type=\"container\">\n\t\t\t\t<div class=\"elementor-element elementor-element-523c71e1 elementor-widget elementor-widget-image\" data-id=\"523c71e1\" data-element_type=\"widget\" data-e-type=\"widget\" data-widget_type=\"image.default\">\n\t\t\t\t\t\t\t\t\t\t\t\t\t\t\t<img fetchpriority=\"high\" decoding=\"async\" width=\"481\" height=\"640\" src=\"https:\/\/matchsupportbv.nl\/wp-content\/uploads\/2025\/09\/Dorian-4-heftruck.jpg\" class=\"attachment-large size-large wp-image-400\" alt=\"\" srcset=\"https:\/\/matchsupportbv.nl\/wp-content\/uploads\/2025\/09\/Dorian-4-heftruck.jpg 481w, https:\/\/matchsupportbv.nl\/wp-content\/uploads\/2025\/09\/Dorian-4-heftruck-225x300.jpg 225w\" sizes=\"(max-width: 481px) 100vw, 481px\" \/>\t\t\t\t\t\t\t\t\t\t\t\t\t\t\t<\/div>\n\t\t\t\t<\/div>\n\t\t\t\t\t<\/div>\n\t\t\t\t<\/div>\n\t\t<div class=\"elementor-element elementor-element-4569ecb7 e-flex e-con-boxed e-con e-parent\" data-id=\"4569ecb7\" data-element_type=\"container\" data-e-type=\"container\">\n\t\t\t\t\t<div class=\"e-con-inner\">\n\t\t<div class=\"elementor-element elementor-element-56ff28a9 e-con-full e-flex e-con e-child\" data-id=\"56ff28a9\" data-element_type=\"container\" data-e-type=\"container\">\n\t\t\t\t<div class=\"elementor-element elementor-element-20017a4a elementor-widget elementor-widget-image\" data-id=\"20017a4a\" data-element_type=\"widget\" data-e-type=\"widget\" data-widget_type=\"image.default\">\n\t\t\t\t\t\t\t\t\t\t\t\t\t\t\t<img decoding=\"async\" width=\"800\" height=\"571\" src=\"https:\/\/matchsupportbv.nl\/wp-content\/uploads\/2025\/08\/medium-shot-women-business-meeting-1024x731.jpg\" class=\"attachment-large size-large wp-image-402\" alt=\"\" srcset=\"https:\/\/matchsupportbv.nl\/wp-content\/uploads\/2025\/08\/medium-shot-women-business-meeting-1024x731.jpg 1024w, https:\/\/matchsupportbv.nl\/wp-content\/uploads\/2025\/08\/medium-shot-women-business-meeting-300x214.jpg 300w, https:\/\/matchsupportbv.nl\/wp-content\/uploads\/2025\/08\/medium-shot-women-business-meeting-768x549.jpg 768w, https:\/\/matchsupportbv.nl\/wp-content\/uploads\/2025\/08\/medium-shot-women-business-meeting-1536x1097.jpg 1536w, https:\/\/matchsupportbv.nl\/wp-content\/uploads\/2025\/08\/medium-shot-women-business-meeting-2048x1463.jpg 2048w\" sizes=\"(max-width: 800px) 100vw, 800px\" \/>\t\t\t\t\t\t\t\t\t\t\t\t\t\t\t<\/div>\n\t\t\t\t<\/div>\n\t\t<div class=\"elementor-element elementor-element-3db74551 e-con-full e-flex e-con e-child\" data-id=\"3db74551\" data-element_type=\"container\" data-e-type=\"container\">\n\t\t\t\t<div class=\"elementor-element elementor-element-1e16d126 elementor-widget elementor-widget-text-editor\" data-id=\"1e16d126\" data-element_type=\"widget\" data-e-type=\"widget\" data-widget_type=\"text-editor.default\">\n\t\t\t\t\t\t\t\t\t<p>Adem\u00e1s de estas formaciones est\u00e1ndar, tambi\u00e9n ofrecemos cursos adicionales a petici\u00f3n, totalmente adaptados a los requisitos del puesto o a los deseos espec\u00edficos del empleador o participante.<\/p><p>\u00bfQuieres saber m\u00e1s sobre nuestras opciones de formaci\u00f3n? Ponte en contacto con nosotros: \u00a1estaremos encantados de ayudarte! <\/p>\t\t\t\t\t\t\t\t<\/div>\n\t\t\t\t<div class=\"elementor-element elementor-element-1a6873e6 elementor-widget elementor-widget-button\" data-id=\"1a6873e6\" data-element_type=\"widget\" data-e-type=\"widget\" data-widget_type=\"button.default\">\n\t\t\t\t\t\t\t\t\t\t<a class=\"elementor-button elementor-button-link elementor-size-sm\" href=\"https:\/\/matchsupportbv.nl\/es\/contacto\/\">\n\t\t\t\t\t\t<span class=\"elementor-button-content-wrapper\">\n\t\t\t\t\t\t\t\t\t<span class=\"elementor-button-text\">Ponte en contacto<\/span>\n\t\t\t\t\t<\/span>\n\t\t\t\t\t<\/a>\n\t\t\t\t\t\t\t\t<\/div>\n\t\t\t\t<\/div>\n\t\t\t\t\t<\/div>\n\t\t\t\t<\/div>\n\t\t\t\t<\/div>\n\t\t","protected":false},"excerpt":{"rendered":"<p>La base para el \u00e9xito en el trabajo En Match Support creemos que una buena formaci\u00f3n es la base para el \u00e9xito en el trabajo. Por eso, ofrecemos una amplia gama de cursos y formaciones pr\u00e1cticas que se adaptan a las necesidades tanto de empleados como de empleadores. Nuestras formaciones incluyen, entre otras: Idioma neerland\u00e9s: [&hellip;]<\/p>\n","protected":false},"author":1,"featured_media":0,"parent":0,"menu_order":0,"comment_status":"closed","ping_status":"closed","template":"","meta":{"_acf_changed":false,"footnotes":""},"class_list":["post-398","page","type-page","status-publish","hentry"],"acf":[],"yoast_head":"<!-- This site is optimized with the Yoast SEO plugin v27.2 - https:\/\/yoast.com\/product\/yoast-seo-wordpress\/ -->\n<title>Formaciones - Match Support<\/title>\n<meta name=\"robots\" content=\"index, follow, max-snippet:-1, max-image-preview:large, max-video-preview:-1\" \/>\n<link rel=\"canonical\" href=\"https:\/\/matchsupportbv.nl\/es\/formaciones\/\" \/>\n<meta property=\"og:locale\" content=\"es_ES\" \/>\n<meta property=\"og:type\" content=\"article\" \/>\n<meta property=\"og:title\" content=\"Formaciones - Match Support\" \/>\n<meta property=\"og:description\" content=\"La base para el \u00e9xito en el trabajo En Match Support creemos que una buena formaci\u00f3n es la base para el \u00e9xito en el trabajo. Por eso, ofrecemos una amplia gama de cursos y formaciones pr\u00e1cticas que se adaptan a las necesidades tanto de empleados como de empleadores. Nuestras formaciones incluyen, entre otras: Idioma neerland\u00e9s: [&hellip;]\" \/>\n<meta property=\"og:url\" content=\"https:\/\/matchsupportbv.nl\/es\/formaciones\/\" \/>\n<meta property=\"og:site_name\" content=\"Match Support\" \/>\n<meta property=\"article:modified_time\" content=\"2025-11-03T14:16:29+00:00\" \/>\n<meta property=\"og:image\" content=\"https:\/\/matchsupportbv.nl\/wp-content\/uploads\/2025\/09\/Dorian-4-heftruck.jpg\" \/>\n\t<meta property=\"og:image:width\" content=\"481\" \/>\n\t<meta property=\"og:image:height\" content=\"640\" \/>\n\t<meta property=\"og:image:type\" content=\"image\/jpeg\" \/>\n<meta name=\"twitter:card\" content=\"summary_large_image\" \/>\n<meta name=\"twitter:label1\" content=\"Tiempo de lectura\" \/>\n\t<meta name=\"twitter:data1\" content=\"1 minuto\" \/>\n<script type=\"application\/ld+json\" class=\"yoast-schema-graph\">{\"@context\":\"https:\/\/schema.org\",\"@graph\":[{\"@type\":\"WebPage\",\"@id\":\"https:\/\/matchsupportbv.nl\/es\/formaciones\/\",\"url\":\"https:\/\/matchsupportbv.nl\/es\/formaciones\/\",\"name\":\"Formaciones - Match Support\",\"isPartOf\":{\"@id\":\"https:\/\/matchsupportbv.nl\/#website\"},\"primaryImageOfPage\":{\"@id\":\"https:\/\/matchsupportbv.nl\/es\/formaciones\/#primaryimage\"},\"image\":{\"@id\":\"https:\/\/matchsupportbv.nl\/es\/formaciones\/#primaryimage\"},\"thumbnailUrl\":\"https:\/\/matchsupportbv.nl\/wp-content\/uploads\/2025\/09\/Dorian-4-heftruck.jpg\",\"datePublished\":\"2025-08-11T13:15:57+00:00\",\"dateModified\":\"2025-11-03T14:16:29+00:00\",\"breadcrumb\":{\"@id\":\"https:\/\/matchsupportbv.nl\/es\/formaciones\/#breadcrumb\"},\"inLanguage\":\"es\",\"potentialAction\":[{\"@type\":\"ReadAction\",\"target\":[\"https:\/\/matchsupportbv.nl\/es\/formaciones\/\"]}]},{\"@type\":\"ImageObject\",\"inLanguage\":\"es\",\"@id\":\"https:\/\/matchsupportbv.nl\/es\/formaciones\/#primaryimage\",\"url\":\"https:\/\/matchsupportbv.nl\/wp-content\/uploads\/2025\/09\/Dorian-4-heftruck.jpg\",\"contentUrl\":\"https:\/\/matchsupportbv.nl\/wp-content\/uploads\/2025\/09\/Dorian-4-heftruck.jpg\"},{\"@type\":\"BreadcrumbList\",\"@id\":\"https:\/\/matchsupportbv.nl\/es\/formaciones\/#breadcrumb\",\"itemListElement\":[{\"@type\":\"ListItem\",\"position\":1,\"name\":\"Home\",\"item\":\"https:\/\/matchsupportbv.nl\/\"},{\"@type\":\"ListItem\",\"position\":2,\"name\":\"Formaciones\"}]},{\"@type\":\"WebSite\",\"@id\":\"https:\/\/matchsupportbv.nl\/#website\",\"url\":\"https:\/\/matchsupportbv.nl\/\",\"name\":\"Match Support\",\"description\":\"We zorgen voor de beste match\",\"publisher\":{\"@id\":\"https:\/\/matchsupportbv.nl\/#organization\"},\"potentialAction\":[{\"@type\":\"SearchAction\",\"target\":{\"@type\":\"EntryPoint\",\"urlTemplate\":\"https:\/\/matchsupportbv.nl\/?s={search_term_string}\"},\"query-input\":{\"@type\":\"PropertyValueSpecification\",\"valueRequired\":true,\"valueName\":\"search_term_string\"}}],\"inLanguage\":\"es\"},{\"@type\":\"Organization\",\"@id\":\"https:\/\/matchsupportbv.nl\/#organization\",\"name\":\"Match Support\",\"url\":\"https:\/\/matchsupportbv.nl\/\",\"logo\":{\"@type\":\"ImageObject\",\"inLanguage\":\"es\",\"@id\":\"https:\/\/matchsupportbv.nl\/#\/schema\/logo\/image\/\",\"url\":\"https:\/\/matchsupportbv.nl\/wp-content\/uploads\/2025\/08\/cropped-logo_cirkel_wit_Tekengebied-1-1.png\",\"contentUrl\":\"https:\/\/matchsupportbv.nl\/wp-content\/uploads\/2025\/08\/cropped-logo_cirkel_wit_Tekengebied-1-1.png\",\"width\":1359,\"height\":1359,\"caption\":\"Match Support\"},\"image\":{\"@id\":\"https:\/\/matchsupportbv.nl\/#\/schema\/logo\/image\/\"}}]}<\/script>\n<!-- \/ Yoast SEO plugin. -->","yoast_head_json":{"title":"Formaciones - Match Support","robots":{"index":"index","follow":"follow","max-snippet":"max-snippet:-1","max-image-preview":"max-image-preview:large","max-video-preview":"max-video-preview:-1"},"canonical":"https:\/\/matchsupportbv.nl\/es\/formaciones\/","og_locale":"es_ES","og_type":"article","og_title":"Formaciones - Match Support","og_description":"La base para el \u00e9xito en el trabajo En Match Support creemos que una buena formaci\u00f3n es la base para el \u00e9xito en el trabajo. Por eso, ofrecemos una amplia gama de cursos y formaciones pr\u00e1cticas que se adaptan a las necesidades tanto de empleados como de empleadores. Nuestras formaciones incluyen, entre otras: Idioma neerland\u00e9s: [&hellip;]","og_url":"https:\/\/matchsupportbv.nl\/es\/formaciones\/","og_site_name":"Match Support","article_modified_time":"2025-11-03T14:16:29+00:00","og_image":[{"width":481,"height":640,"url":"https:\/\/matchsupportbv.nl\/wp-content\/uploads\/2025\/09\/Dorian-4-heftruck.jpg","type":"image\/jpeg"}],"twitter_card":"summary_large_image","twitter_misc":{"Tiempo de lectura":"1 minuto"},"schema":{"@context":"https:\/\/schema.org","@graph":[{"@type":"WebPage","@id":"https:\/\/matchsupportbv.nl\/es\/formaciones\/","url":"https:\/\/matchsupportbv.nl\/es\/formaciones\/","name":"Formaciones - Match Support","isPartOf":{"@id":"https:\/\/matchsupportbv.nl\/#website"},"primaryImageOfPage":{"@id":"https:\/\/matchsupportbv.nl\/es\/formaciones\/#primaryimage"},"image":{"@id":"https:\/\/matchsupportbv.nl\/es\/formaciones\/#primaryimage"},"thumbnailUrl":"https:\/\/matchsupportbv.nl\/wp-content\/uploads\/2025\/09\/Dorian-4-heftruck.jpg","datePublished":"2025-08-11T13:15:57+00:00","dateModified":"2025-11-03T14:16:29+00:00","breadcrumb":{"@id":"https:\/\/matchsupportbv.nl\/es\/formaciones\/#breadcrumb"},"inLanguage":"es","potentialAction":[{"@type":"ReadAction","target":["https:\/\/matchsupportbv.nl\/es\/formaciones\/"]}]},{"@type":"ImageObject","inLanguage":"es","@id":"https:\/\/matchsupportbv.nl\/es\/formaciones\/#primaryimage","url":"https:\/\/matchsupportbv.nl\/wp-content\/uploads\/2025\/09\/Dorian-4-heftruck.jpg","contentUrl":"https:\/\/matchsupportbv.nl\/wp-content\/uploads\/2025\/09\/Dorian-4-heftruck.jpg"},{"@type":"BreadcrumbList","@id":"https:\/\/matchsupportbv.nl\/es\/formaciones\/#breadcrumb","itemListElement":[{"@type":"ListItem","position":1,"name":"Home","item":"https:\/\/matchsupportbv.nl\/"},{"@type":"ListItem","position":2,"name":"Formaciones"}]},{"@type":"WebSite","@id":"https:\/\/matchsupportbv.nl\/#website","url":"https:\/\/matchsupportbv.nl\/","name":"Match Support","description":"We zorgen voor de beste match","publisher":{"@id":"https:\/\/matchsupportbv.nl\/#organization"},"potentialAction":[{"@type":"SearchAction","target":{"@type":"EntryPoint","urlTemplate":"https:\/\/matchsupportbv.nl\/?s={search_term_string}"},"query-input":{"@type":"PropertyValueSpecification","valueRequired":true,"valueName":"search_term_string"}}],"inLanguage":"es"},{"@type":"Organization","@id":"https:\/\/matchsupportbv.nl\/#organization","name":"Match Support","url":"https:\/\/matchsupportbv.nl\/","logo":{"@type":"ImageObject","inLanguage":"es","@id":"https:\/\/matchsupportbv.nl\/#\/schema\/logo\/image\/","url":"https:\/\/matchsupportbv.nl\/wp-content\/uploads\/2025\/08\/cropped-logo_cirkel_wit_Tekengebied-1-1.png","contentUrl":"https:\/\/matchsupportbv.nl\/wp-content\/uploads\/2025\/08\/cropped-logo_cirkel_wit_Tekengebied-1-1.png","width":1359,"height":1359,"caption":"Match Support"},"image":{"@id":"https:\/\/matchsupportbv.nl\/#\/schema\/logo\/image\/"}}]}},"_links":{"self":[{"href":"https:\/\/matchsupportbv.nl\/es\/wp-json\/wp\/v2\/pages\/398","targetHints":{"allow":["GET"]}}],"collection":[{"href":"https:\/\/matchsupportbv.nl\/es\/wp-json\/wp\/v2\/pages"}],"about":[{"href":"https:\/\/matchsupportbv.nl\/es\/wp-json\/wp\/v2\/types\/page"}],"author":[{"embeddable":true,"href":"https:\/\/matchsupportbv.nl\/es\/wp-json\/wp\/v2\/users\/1"}],"replies":[{"embeddable":true,"href":"https:\/\/matchsupportbv.nl\/es\/wp-json\/wp\/v2\/comments?post=398"}],"version-history":[{"count":4,"href":"https:\/\/matchsupportbv.nl\/es\/wp-json\/wp\/v2\/pages\/398\/revisions"}],"predecessor-version":[{"id":1096,"href":"https:\/\/matchsupportbv.nl\/es\/wp-json\/wp\/v2\/pages\/398\/revisions\/1096"}],"wp:attachment":[{"href":"https:\/\/matchsupportbv.nl\/es\/wp-json\/wp\/v2\/media?parent=398"}],"curies":[{"name":"wp","href":"https:\/\/api.w.org\/{rel}","templated":true}]}}